{"id":1088,"date":"2022-07-29T16:44:14","date_gmt":"2022-07-29T14:44:14","guid":{"rendered":"https:\/\/www.lichtgebil.de\/?page_id=1088"},"modified":"2022-07-29T16:57:16","modified_gmt":"2022-07-29T14:57:16","slug":"impressum","status":"publish","type":"page","link":"https:\/\/www.lichtgebil.de\/?page_id=1088","title":{"rendered":"Impressum"},"content":{"rendered":"\t\t<div data-elementor-type=\"wp-page\" data-elementor-id=\"1088\" class=\"elementor elementor-1088\">\n\t\t\t\t\t\t<div class=\"elementor-inner\">\n\t\t\t\t<div class=\"elementor-section-wrap\">\n\t\t\t\t\t\t\t\t\t<section class=\"elementor-section elementor-top-section elementor-element elementor-element-7bb4023 elementor-section-boxed elementor-section-height-default elementor-section-height-default\" data-id=\"7bb4023\" data-element_type=\"section\">\n\t\t\t\t\t\t<div class=\"elementor-container elementor-column-gap-default\">\n\t\t\t\t\t\t\t<div class=\"elementor-row\">\n\t\t\t\t\t<div class=\"elementor-column elementor-col-100 elementor-top-column elementor-element elementor-element-0d27dd5\" data-id=\"0d27dd5\" data-element_type=\"column\">\n\t\t\t<div class=\"elementor-column-wrap elementor-element-populated\">\n\t\t\t\t\t\t\t<div class=\"elementor-widget-wrap\">\n\t\t\t\t\t\t<div class=\"elementor-element elementor-element-aa1739d elementor-widget elementor-widget-text-editor\" data-id=\"aa1739d\" data-element_type=\"widget\" data-widget_type=\"text-editor.default\">\n\t\t\t\t<div class=\"elementor-widget-container\">\n\t\t\t\t\t\t\t\t<div class=\"elementor-text-editor elementor-clearfix\">\n\t\t\t\t<h1 style=\"letter-spacing: normal; margin-bottom: 20px; padding: 0px; border: 0px; font-size: 23px; font-weight: 500; outline-width: 0px; vertical-align: baseline; color: #333333; line-height: 28.75px; word-wrap: break-word;\">IMPRESSUM<\/h1><h2 style=\"letter-spacing: normal; margin-bottom: 20px; padding: 0px; border: 0px; font-size: 23px; font-weight: 500; outline-width: 0px; vertical-align: baseline; color: #333333; line-height: 28.75px; word-wrap: break-word;\">ANGABEN GEM\u00c4SS \u00a7 5 TM<\/h2><p style=\"letter-spacing: normal; margin-bottom: 20px; padding: 0px; border: 0px; font-size: 13px; outline-width: 0px; vertical-align: baseline; caret-color: #666666; color: #666666;\">Philip Mayer<br style=\"margin: 0px; padding: 0px;\" \/>Lichtgebilde<br \/>Bindstra\u00dfe 1<br \/>88239 Wangen im Allg\u00e4u<\/p><h2 style=\"letter-spacing: normal; margin-bottom: 20px; padding: 0px; border: 0px; font-size: 23px; font-weight: 500; outline-width: 0px; vertical-align: baseline; color: #333333; line-height: 28.75px; word-wrap: break-word;\">KONTAKT<\/h2><p style=\"letter-spacing: normal; margin-bottom: 20px; padding: 0px; border: 0px; font-size: 13px; outline-width: 0px; vertical-align: baseline; caret-color: #666666; color: #666666;\">Telefon: 015730986199<br style=\"margin: 0px; padding: 0px;\" \/>E-Mail: info@lichtgebil.de<\/p><h2 style=\"letter-spacing: normal; margin-bottom: 20px; padding: 0px; border: 0px; font-size: 23px; font-weight: 500; outline-width: 0px; vertical-align: baseline; color: #333333; line-height: 28.75px; word-wrap: break-word;\">UMSATZSTEUER-ID<\/h2><p style=\"letter-spacing: normal; margin-bottom: 20px; padding: 0px; border: 0px; font-size: 13px; outline-width: 0px; vertical-align: baseline; caret-color: #666666; color: #666666;\">Umsatzsteuer-Identifikationsnummer gem\u00e4\u00df \u00a7 27 a Umsatzsteuergesetz:<br style=\"margin: 0px; padding: 0px;\" \/>DE314711161<\/p><h2 style=\"letter-spacing: normal; margin-bottom: 20px; padding: 0px; border: 0px; font-size: 23px; font-weight: 500; outline-width: 0px; vertical-align: baseline; color: #333333; line-height: 28.75px; word-wrap: break-word;\">REDAKTIONELL VERANTWORTLICH<\/h2><p style=\"letter-spacing: normal; margin-bottom: 20px; padding: 0px; border: 0px; font-size: 13px; outline-width: 0px; vertical-align: baseline; caret-color: #666666; color: #666666;\">Philip Mayer<\/p><h2 style=\"letter-spacing: normal; margin-bottom: 20px; padding: 0px; border: 0px; font-size: 23px; font-weight: 500; outline-width: 0px; vertical-align: baseline; color: #333333; line-height: 28.75px; word-wrap: break-word;\">EU-STREITSCHLICHTUNG<\/h2><p style=\"letter-spacing: normal; margin-bottom: 20px; padding: 0px; border: 0px; font-size: 13px; outline-width: 0px; vertical-align: baseline; caret-color: #666666; color: #666666;\">Die Europ\u00e4ische Kommission stellt eine Plattform zur Online-Streitbeilegung (OS) bereit:\u00a0<a style=\"margin: 0px; padding: 0px; border: 0px; font-family: inherit; font-style: inherit; outline-width: 0px; vertical-align: baseline; cursor: pointer; transition: color 300ms cubic-bezier(0.215, 0.61, 0.355, 1) 0s; color: #151515;\" href=\"https:\/\/ec.europa.eu\/consumers\/odr\/\" target=\"_blank\" rel=\"noopener noreferrer\">https:\/\/ec.europa.eu\/consumers\/odr\/<\/a>.<br style=\"margin: 0px; padding: 0px;\" \/>Unsere E-Mail-Adresse finden Sie oben im Impressum.<\/p><h2 style=\"letter-spacing: normal; margin-bottom: 20px; padding: 0px; border: 0px; font-size: 23px; font-weight: 500; outline-width: 0px; vertical-align: baseline; color: #333333; line-height: 28.75px; word-wrap: break-word;\">VERBRAUCHER\u00adSTREIT\u00adBEILEGUNG\/UNIVERSAL\u00adSCHLICHTUNGS\u00adSTELLE<\/h2><p style=\"letter-spacing: normal; margin-bottom: 20px; padding: 0px; border: 0px; font-size: 13px; outline-width: 0px; vertical-align: baseline; caret-color: #666666; color: #666666;\">Wir sind nicht bereit oder verpflichtet, an Streitbeilegungsverfahren vor einer Verbraucherschlichtungsstelle teilzunehmen.<\/p>\t\t\t\t\t<\/div>\n\t\t\t\t\t\t<\/div>\n\t\t\t\t<\/div>\n\t\t\t\t\t\t<\/div>\n\t\t\t\t\t<\/div>\n\t\t<\/div>\n\t\t\t\t\t\t\t\t<\/div>\n\t\t\t\t\t<\/div>\n\t\t<\/section>\n\t\t\t\t\t\t\t\t\t<\/div>\n\t\t\t<\/div>\n\t\t\t\t\t<\/div>\n\t\t","protected":false},"excerpt":{"rendered":"<p>IMPRESSUM ANGABEN GEM\u00c4SS \u00a7 5 TM Philip MayerLichtgebilde Bindstra\u00dfe 1 88239 Wangen im Allg\u00e4u KONTAKT Telefon: 015730986199E-Mail: info@lichtgebil.de UMSATZSTEUER-ID Umsatzsteuer-Identifikationsnummer gem\u00e4\u00df \u00a7 27 a Umsatzsteuergesetz:DE314711161 REDAKTIONELL VERANTWORTLICH Philip Mayer EU-STREITSCHLICHTUNG Die Europ\u00e4ische Kommission stellt eine Plattform zur Online-Streitbeilegung (OS) bereit:&nbsp;https:\/\/ec.europa.eu\/consumers\/odr\/.Unsere E-Mail-Adresse finden Sie oben im Impressum. VERBRAUCHER\u00adSTREIT\u00adBEILEGUNG\/UNIVERSAL\u00adSCHLICHTUNGS\u00adSTELLE Wir sind nicht bereit oder verpflichtet, an Streitbeilegungsverfahren&#8230;<\/p>\n","protected":false},"author":1,"featured_media":0,"parent":0,"menu_order":0,"comment_status":"closed","ping_status":"closed","template":"","meta":{"_monsterinsights_skip_tracking":false,"_monsterinsights_sitenote_active":false,"_monsterinsights_sitenote_note":"","_monsterinsights_sitenote_category":0},"aioseo_notices":[],"_links":{"self":[{"href":"https:\/\/www.lichtgebil.de\/index.php?rest_route=\/wp\/v2\/pages\/1088"}],"collection":[{"href":"https:\/\/www.lichtgebil.de\/index.php?rest_route=\/wp\/v2\/pages"}],"about":[{"href":"https:\/\/www.lichtgebil.de\/index.php?rest_route=\/wp\/v2\/types\/page"}],"author":[{"embeddable":true,"href":"https:\/\/www.lichtgebil.de\/index.php?rest_route=\/wp\/v2\/users\/1"}],"replies":[{"embeddable":true,"href":"https:\/\/www.lichtgebil.de\/index.php?rest_route=%2Fwp%2Fv2%2Fcomments&post=1088"}],"version-history":[{"count":17,"href":"https:\/\/www.lichtgebil.de\/index.php?rest_route=\/wp\/v2\/pages\/1088\/revisions"}],"predecessor-version":[{"id":1274,"href":"https:\/\/www.lichtgebil.de\/index.php?rest_route=\/wp\/v2\/pages\/1088\/revisions\/1274"}],"wp:attachment":[{"href":"https:\/\/www.lichtgebil.de\/index.php?rest_route=%2Fwp%2Fv2%2Fmedia&parent=1088"}],"curies":[{"name":"wp","href":"https:\/\/api.w.org\/{rel}","templated":true}]}}